{"id":248,"date":"2025-10-03T11:30:26","date_gmt":"2025-10-03T09:30:26","guid":{"rendered":"https:\/\/casapatronpalma.com\/?page_id=248"},"modified":"2025-11-20T11:50:44","modified_gmt":"2025-11-20T10:50:44","slug":"politica-de-cookies","status":"publish","type":"page","link":"https:\/\/casapatronpalma.com\/en\/politica-de-cookies\/","title":{"rendered":"Cookie Policy"},"content":{"rendered":"<p>[et_pb_section fb_built=\u00bb1&#8243; _builder_version=\u00bb4.27.4&#8243; _module_preset=\u00bbdefault\u00bb background_color=\u00bb#7a1502&#8243; custom_padding=\u00bb||5px|||\u00bb global_colors_info=\u00bb{}\u00bb][et_pb_row _builder_version=\u00bb4.27.4&#8243; _module_preset=\u00bbdefault\u00bb custom_padding=\u00bb||9px|||\u00bb global_colors_info=\u00bb{}\u00bb][et_pb_column type=\u00bb4_4&#8243; _builder_version=\u00bb4.27.4&#8243; _module_preset=\u00bbdefault\u00bb global_colors_info=\u00bb{}\u00bb][et_pb_text _builder_version=\u00bb4.27.4&#8243; _module_preset=\u00bbdefault\u00bb text_font_size=\u00bb30px\u00bb background_layout=\u00bbdark\u00bb custom_padding=\u00bb167px||||false|false\u00bb custom_padding_tablet=\u00bb179px||||false|false\u00bb custom_padding_phone=\u00bb80px||||false|false\u00bb custom_padding_last_edited=\u00bbon|phone\u00bb hover_enabled=\u00bb0&#8243; global_colors_info=\u00bb{}\u00bb sticky_enabled=\u00bb0&#8243;]<\/p>\n<p><b>POL\u00cdTICA DE COOKIES<\/b><\/p>\n<p>[\/et_pb_text][\/et_pb_column][\/et_pb_row][\/et_pb_section][et_pb_section fb_built=\u00bb1&#8243; _builder_version=\u00bb4.27.4&#8243; _module_preset=\u00bbdefault\u00bb global_colors_info=\u00bb{}\u00bb][et_pb_row _builder_version=\u00bb4.27.4&#8243; _module_preset=\u00bbdefault\u00bb global_colors_info=\u00bb{}\u00bb][et_pb_column type=\u00bb4_4&#8243; _builder_version=\u00bb4.27.4&#8243; _module_preset=\u00bbdefault\u00bb global_colors_info=\u00bb{}\u00bb][et_pb_text _builder_version=\u00bb4.27.4&#8243; _module_preset=\u00bbdefault\u00bb global_colors_info=\u00bb{}\u00bb]<\/p>\n<h2><b>POL\u00cdTICA DE COOKIES DE CASA PATR\u00d3N<\/b><\/h2>\n<h3><b>1. Definici\u00f3n y Funci\u00f3n de las Cookies<\/b><\/h3>\n<p><span style=\"font-weight: 400;\">Una <\/span><b>cookie<\/b><span style=\"font-weight: 400;\"> es un peque\u00f1o archivo que se descarga en tu dispositivo al acceder a nuestra web. En <\/span><b>Casa Patr\u00f3n<\/b><span style=\"font-weight: 400;\">, las usamos para que <\/span><b>todo fluya tan suave como un buen guacamole<\/b><span style=\"font-weight: 400;\"> y para saber <\/span><b>cu\u00e1l es tu taco preferido<\/b><span style=\"font-weight: 400;\">. As\u00ed, podemos mostrarte las promociones que realmente te interesan. Es nuestra herramienta secreta para mejorar tu experiencia con nosotros.<\/span><\/p>\n<p><b>Promesa de la casa:<\/b><span style=\"font-weight: 400;\"> No te enviaremos <\/span><i><span style=\"font-weight: 400;\">spam<\/span><\/i><span style=\"font-weight: 400;\"> diario y puedes darte de baja cuando quieras. \u00a1Tu experiencia con nuestros tacos es nuestra prioridad!<\/span><\/p>\n<h3><b>2. Tipos de Cookies Utilizadas<\/b><\/h3>\n<ul>\n<li style=\"font-weight: 400;\" aria-level=\"1\"><b>T\u00e9cnicas\/Necesarias:<\/b><span style=\"font-weight: 400;\"> Imprescindibles para la funcionalidad de la web y el sistema de reservas. No requieren consentimiento.<\/span><\/li>\n<li style=\"font-weight: 400;\" aria-level=\"1\"><b>Anal\u00edticas (Google Analytics):<\/b><span style=\"font-weight: 400;\"> Miden el tr\u00e1fico y el rendimiento de la web. Requieren consentimiento expl\u00edcito.<\/span><\/li>\n<li style=\"font-weight: 400;\" aria-level=\"1\"><b>Publicitarias\/Marketing (Facebook Pixel):<\/b><span style=\"font-weight: 400;\"> Nos ayudan a mostrarle anuncios relevantes. Requieren consentimiento expl\u00edcito.<\/span><\/li>\n<\/ul>\n<h3><b>3. Obtenci\u00f3n y Gesti\u00f3n del Consentimiento<\/b><\/h3>\n<p><span style=\"font-weight: 400;\">TACO COCO SL solo instalar\u00e1 cookies Anal\u00edticas y Publicitarias cuando usted nos otorgue su consentimiento de forma <\/span><b>expl\u00edcita<\/b><span style=\"font-weight: 400;\"> a trav\u00e9s del banner de cookies.<\/span><\/p>\n<p><span style=\"font-weight: 400;\">Usted puede modificar o retirar en cualquier momento su consentimiento haciendo clic en el enlace permanente: <\/span><b>Configuraci\u00f3n de Cookies.<\/b><\/p>\n<h3><b>4. Transferencias Internacionales de Datos (TID)<\/b><\/h3>\n<p><span style=\"font-weight: 400;\">Al aceptar las cookies Anal\u00edticas y Publicitarias, usted consiente el tratamiento de sus datos por parte de <\/span><b>Google LLC<\/b><span style=\"font-weight: 400;\"> y <\/span><b>Meta Platforms, Inc.<\/b><span style=\"font-weight: 400;\"> en Estados Unidos, bajo el amparo del <\/span><b>Data Privacy Framework UE-EE. UU.<\/b><\/p>\n<p>&nbsp;<\/p>\n<p>[\/et_pb_text][\/et_pb_column][\/et_pb_row][\/et_pb_section]<\/p>\n","protected":false},"excerpt":{"rendered":"<p>POL\u00cdTICA DE COOKIESPOL\u00cdTICA DE COOKIES DE CASA PATR\u00d3N 1. Definici\u00f3n y Funci\u00f3n de las Cookies Una cookie es un peque\u00f1o archivo que se descarga en tu dispositivo al acceder a nuestra web. En Casa Patr\u00f3n, las usamos para que todo fluya tan suave como un buen guacamole y para saber cu\u00e1l es tu taco preferido. [&hellip;]<\/p>\n","protected":false},"author":1,"featured_media":0,"parent":0,"menu_order":0,"comment_status":"closed","ping_status":"closed","template":"","meta":{"_et_pb_use_builder":"on","_et_pb_old_content":"","_et_gb_content_width":"","footnotes":""},"class_list":["post-248","page","type-page","status-publish","hentry"],"yoast_head":"<!-- This site is optimized with the Yoast SEO plugin v27.5 - https:\/\/yoast.com\/product\/yoast-seo-wordpress\/ -->\n<title>Pol\u00edtica de Cookies - Casa Patr\u00f3n<\/title>\n<meta name=\"robots\" content=\"noindex, follow\" \/>\n<meta property=\"og:locale\" content=\"en_GB\" \/>\n<meta property=\"og:type\" content=\"article\" \/>\n<meta property=\"og:title\" content=\"Pol\u00edtica de Cookies - Casa Patr\u00f3n\" \/>\n<meta property=\"og:description\" content=\"POL\u00cdTICA DE COOKIESPOL\u00cdTICA DE COOKIES DE CASA PATR\u00d3N 1. Definici\u00f3n y Funci\u00f3n de las Cookies Una cookie es un peque\u00f1o archivo que se descarga en tu dispositivo al acceder a nuestra web. En Casa Patr\u00f3n, las usamos para que todo fluya tan suave como un buen guacamole y para saber cu\u00e1l es tu taco preferido. [&hellip;]\" \/>\n<meta property=\"og:url\" content=\"https:\/\/casapatronpalma.com\/en\/politica-de-cookies\/\" \/>\n<meta property=\"og:site_name\" content=\"Casa Patr\u00f3n\" \/>\n<meta property=\"article:modified_time\" content=\"2025-11-20T10:50:44+00:00\" \/>\n<meta name=\"twitter:card\" content=\"summary_large_image\" \/>\n<!-- \/ Yoast SEO plugin. -->","yoast_head_json":{"title":"Pol\u00edtica de Cookies - Casa Patr\u00f3n","robots":{"index":"noindex","follow":"follow"},"og_locale":"en_GB","og_type":"article","og_title":"Pol\u00edtica de Cookies - Casa Patr\u00f3n","og_description":"POL\u00cdTICA DE COOKIESPOL\u00cdTICA DE COOKIES DE CASA PATR\u00d3N 1. Definici\u00f3n y Funci\u00f3n de las Cookies Una cookie es un peque\u00f1o archivo que se descarga en tu dispositivo al acceder a nuestra web. En Casa Patr\u00f3n, las usamos para que todo fluya tan suave como un buen guacamole y para saber cu\u00e1l es tu taco preferido. [&hellip;]","og_url":"https:\/\/casapatronpalma.com\/en\/politica-de-cookies\/","og_site_name":"Casa Patr\u00f3n","article_modified_time":"2025-11-20T10:50:44+00:00","twitter_card":"summary_large_image","schema":{"@context":"https:\/\/schema.org","@graph":[{"@type":"WebPage","@id":"https:\/\/casapatronpalma.com\/politica-de-cookies\/","url":"https:\/\/casapatronpalma.com\/politica-de-cookies\/","name":"Pol\u00edtica de Cookies - Casa Patr\u00f3n","isPartOf":{"@id":"https:\/\/casapatronpalma.com\/#website"},"datePublished":"2025-10-03T09:30:26+00:00","dateModified":"2025-11-20T10:50:44+00:00","breadcrumb":{"@id":"https:\/\/casapatronpalma.com\/politica-de-cookies\/#breadcrumb"},"inLanguage":"en-GB","potentialAction":[{"@type":"ReadAction","target":["https:\/\/casapatronpalma.com\/politica-de-cookies\/"]}]},{"@type":"BreadcrumbList","@id":"https:\/\/casapatronpalma.com\/politica-de-cookies\/#breadcrumb","itemListElement":[{"@type":"ListItem","position":1,"name":"Portada","item":"https:\/\/casapatronpalma.com\/"},{"@type":"ListItem","position":2,"name":"Pol\u00edtica de Cookies"}]},{"@type":"WebSite","@id":"https:\/\/casapatronpalma.com\/#website","url":"https:\/\/casapatronpalma.com\/","name":"Casa Patr\u00f3n","description":"Taquer\u00eda y Restaurante Mexicano en Palma","potentialAction":[{"@type":"SearchAction","target":{"@type":"EntryPoint","urlTemplate":"https:\/\/casapatronpalma.com\/?s={search_term_string}"},"query-input":{"@type":"PropertyValueSpecification","valueRequired":true,"valueName":"search_term_string"}}],"inLanguage":"en-GB"}]}},"_links":{"self":[{"href":"https:\/\/casapatronpalma.com\/en\/wp-json\/wp\/v2\/pages\/248","targetHints":{"allow":["GET"]}}],"collection":[{"href":"https:\/\/casapatronpalma.com\/en\/wp-json\/wp\/v2\/pages"}],"about":[{"href":"https:\/\/casapatronpalma.com\/en\/wp-json\/wp\/v2\/types\/page"}],"author":[{"embeddable":true,"href":"https:\/\/casapatronpalma.com\/en\/wp-json\/wp\/v2\/users\/1"}],"replies":[{"embeddable":true,"href":"https:\/\/casapatronpalma.com\/en\/wp-json\/wp\/v2\/comments?post=248"}],"version-history":[{"count":8,"href":"https:\/\/casapatronpalma.com\/en\/wp-json\/wp\/v2\/pages\/248\/revisions"}],"predecessor-version":[{"id":521,"href":"https:\/\/casapatronpalma.com\/en\/wp-json\/wp\/v2\/pages\/248\/revisions\/521"}],"wp:attachment":[{"href":"https:\/\/casapatronpalma.com\/en\/wp-json\/wp\/v2\/media?parent=248"}],"curies":[{"name":"wp","href":"https:\/\/api.w.org\/{rel}","templated":true}]}}