{"id":788,"date":"2026-03-26T14:18:29","date_gmt":"2026-03-26T13:18:29","guid":{"rendered":"https:\/\/casapatronpalma.com\/?page_id=788"},"modified":"2026-03-26T15:26:04","modified_gmt":"2026-03-26T14:26:04","slug":"blog","status":"publish","type":"page","link":"https:\/\/casapatronpalma.com\/en\/blog\/","title":{"rendered":"Blog"},"content":{"rendered":"<p>[et_pb_section fb_built=\u00bb1&#8243; custom_padding_last_edited=\u00bbon|phone\u00bb module_class=\u00bbfondo-oscuro\u00bb _builder_version=\u00bb4.27.4&#8243; _module_preset=\u00bbdefault\u00bb background_enable_color=\u00bboff\u00bb background_image=\u00bbhttps:\/\/casapatronpalma.com\/wp-content\/uploads\/2025\/12\/FOTOS-ADS-GOOGLE-04.jpg\u00bb parallax=\u00bbon\u00bb parallax_method=\u00bboff\u00bb custom_padding=\u00bb9%||3%||false|false\u00bb custom_padding_tablet=\u00bb25%||5%||false|false\u00bb custom_padding_phone=\u00bb50%||0%||false|false\u00bb custom_css_free_form=\u00bb\/* Secci\u00f3n con parallax: oscurecer imagen directamente *\/||.fondo-oscuro .et_parallax_bg{||  filter: brightness(0.45); \/* 0.45 = m\u00e1s oscuro | 0.6 = m\u00e1s claro *\/||}||\u00bb global_colors_info=\u00bb{}\u00bb][et_pb_row _builder_version=\u00bb4.27.4&#8243; _module_preset=\u00bbdefault\u00bb width=\u00bb100%\u00bb width_tablet=\u00bb\u00bb width_phone=\u00bb\u00bb width_last_edited=\u00bbon|desktop\u00bb max_width=\u00bb100%\u00bb global_colors_info=\u00bb{}\u00bb][et_pb_column type=\u00bb4_4&#8243; _builder_version=\u00bb4.27.4&#8243; _module_preset=\u00bbdefault\u00bb global_colors_info=\u00bb{}\u00bb][et_pb_text _builder_version=\u00bb4.27.4&#8243; _module_preset=\u00bbdefault\u00bb header_font=\u00bb|800|||||||\u00bb header_text_align=\u00bbcenter\u00bb header_text_color=\u00bb#FFFFFF\u00bb header_font_size=\u00bb55px\u00bb header_line_height=\u00bb1.4em\u00bb header_2_font=\u00bb||||||||\u00bb header_2_text_align=\u00bbcenter\u00bb header_2_text_color=\u00bb#FFFFFF\u00bb header_2_font_size=\u00bb38px\u00bb header_2_letter_spacing=\u00bb3.6px\u00bb custom_margin=\u00bb|0px||0px|false|true\u00bb header_font_size_tablet=\u00bb33px\u00bb header_font_size_phone=\u00bb32px\u00bb header_font_size_last_edited=\u00bbon|phone\u00bb header_line_height_last_edited=\u00bboff|phone\u00bb header_2_font_size_tablet=\u00bb37px\u00bb header_2_font_size_phone=\u00bb28px\u00bb header_2_font_size_last_edited=\u00bbon|phone\u00bb global_colors_info=\u00bb{}\u00bb]<\/p>\n<h1>Blog de Gastronom\u00eda Mexicana<\/h1>\n<p>[\/et_pb_text][et_pb_code _builder_version=\u00bb4.27.4&#8243; _module_preset=\u00bbdefault\u00bb hover_enabled=\u00bb0&#8243; sticky_enabled=\u00bb0&#8243;]<script type=\"application\/ld+json\"><!-- [et_pb_line_break_holder] -->{<!-- [et_pb_line_break_holder] --> \"@context\": \"https:\/\/schema.org\",<!-- [et_pb_line_break_holder] --> \"@type\": \"Blog\",<!-- [et_pb_line_break_holder] --> \"@id\": \"https:\/\/casapatronpalma.com\/blog\/#blog\",<!-- [et_pb_line_break_holder] --> \"name\": \"Blog de Gastronom\u00eda Mexicana | Casa Patr\u00f3n\",<!-- [et_pb_line_break_holder] --> \"url\": \"https:\/\/casapatronpalma.com\/blog\/\",<!-- [et_pb_line_break_holder] --> \"description\": \"Art\u00edculos sobre gastronom\u00eda mexicana, historia de la cocina mexicana, tacos, bebidas tradicionales y cultura culinaria de M\u00e9xico.\",<!-- [et_pb_line_break_holder] --> \"inLanguage\": \"es-ES\",<!-- [et_pb_line_break_holder] --> \"image\": \"https:\/\/casapatronpalma.com\/wp-content\/uploads\/2025\/12\/FOTOS-ADS-GOOGLE-04.jpg\",<!-- [et_pb_line_break_holder] --> \"publisher\": {<!-- [et_pb_line_break_holder] -->   \"@type\": \"Restaurant\",<!-- [et_pb_line_break_holder] -->   \"@id\": \"https:\/\/casapatronpalma.com\/#restaurant\",<!-- [et_pb_line_break_holder] -->   \"name\": \"Casa Patr\u00f3n | Restaurante Mexicano\",<!-- [et_pb_line_break_holder] -->   \"url\": \"https:\/\/casapatronpalma.com\",<!-- [et_pb_line_break_holder] -->   \"logo\": {<!-- [et_pb_line_break_holder] -->     \"@type\": \"ImageObject\",<!-- [et_pb_line_break_holder] -->     \"url\": \"https:\/\/casapatronpalma.com\/wp-content\/uploads\/2025\/10\/Logotipo-fondo-oscuro-150x150.png\"<!-- [et_pb_line_break_holder] -->   },<!-- [et_pb_line_break_holder] -->   \"address\": {<!-- [et_pb_line_break_holder] -->     \"@type\": \"PostalAddress\",<!-- [et_pb_line_break_holder] -->     \"streetAddress\": \"Carrer de Bonaire, 7\",<!-- [et_pb_line_break_holder] -->     \"addressLocality\": \"Palma\",<!-- [et_pb_line_break_holder] -->     \"addressRegion\": \"Illes Balears\",<!-- [et_pb_line_break_holder] -->     \"postalCode\": \"07012\",<!-- [et_pb_line_break_holder] -->     \"addressCountry\": \"ES\"<!-- [et_pb_line_break_holder] -->   },<!-- [et_pb_line_break_holder] -->   \"telephone\": \"+34 871 20 32 94\"<!-- [et_pb_line_break_holder] --> },<!-- [et_pb_line_break_holder] --> \"mainEntityOfPage\": {<!-- [et_pb_line_break_holder] -->   \"@type\": \"WebPage\",<!-- [et_pb_line_break_holder] -->   \"@id\": \"https:\/\/casapatronpalma.com\/blog\/\"<!-- [et_pb_line_break_holder] --> }<!-- [et_pb_line_break_holder] -->}<!-- [et_pb_line_break_holder] --><\/script>[\/et_pb_code][\/et_pb_column][\/et_pb_row][\/et_pb_section][et_pb_section fb_built=\u00bb1&#8243; custom_padding_last_edited=\u00bbon|phone\u00bb module_id=\u00bbnosotros\u00bb _builder_version=\u00bb4.27.4&#8243; _module_preset=\u00bbdefault\u00bb background_color=\u00bb#f4ecdf\u00bb custom_margin_tablet=\u00bb\u00bb custom_margin_phone=\u00bb0px||||false|false\u00bb custom_margin_last_edited=\u00bbon|phone\u00bb custom_padding=\u00bb|10px||10px|false|true\u00bb custom_padding_tablet=\u00bb|10px||10px|false|true\u00bb custom_padding_phone=\u00bb10px||15px||false|true\u00bb box_shadow_style=\u00bbpreset2&#8243; box_shadow_blur=\u00bb17px\u00bb box_shadow_color=\u00bbrgba(0,0,0,0.17)\u00bb global_colors_info=\u00bb{}\u00bb][et_pb_row make_equal=\u00bbon\u00bb _builder_version=\u00bb4.27.4&#8243; _module_preset=\u00bbdefault\u00bb width=\u00bb90%\u00bb width_tablet=\u00bb90%\u00bb width_phone=\u00bb90%\u00bb width_last_edited=\u00bbon|desktop\u00bb max_width=\u00bb90%\u00bb max_width_tablet=\u00bb90%\u00bb max_width_phone=\u00bb90%\u00bb max_width_last_edited=\u00bbon|desktop\u00bb custom_margin_tablet=\u00bb\u00bb custom_margin_phone=\u00bb15px||||false|false\u00bb custom_margin_last_edited=\u00bbon|phone\u00bb global_colors_info=\u00bb{}\u00bb][et_pb_column type=\u00bb4_4&#8243; _builder_version=\u00bb4.27.4&#8243; _module_preset=\u00bbdefault\u00bb global_colors_info=\u00bb{}\u00bb][et_pb_blog fullwidth=\u00bboff\u00bb posts_number=\u00bb30&#8243; use_manual_excerpt=\u00bboff\u00bb excerpt_length=\u00bb150&#8243; show_author=\u00bboff\u00bb show_date=\u00bboff\u00bb show_categories=\u00bboff\u00bb _builder_version=\u00bb4.27.4&#8243; _module_preset=\u00bbdefault\u00bb header_font_size=\u00bb18px\u00bb header_line_height=\u00bb1.3em\u00bb body_line_height=\u00bb1.8em\u00bb header_font_size_tablet=\u00bb18px\u00bb header_font_size_phone=\u00bb20px\u00bb header_font_size_last_edited=\u00bbon|phone\u00bb border_radii=\u00bbon|10px|10px|10px|10px\u00bb border_width_all=\u00bb0px\u00bb box_shadow_style=\u00bbpreset1&#8243; box_shadow_blur=\u00bb23px\u00bb global_colors_info=\u00bb{}\u00bb][\/et_pb_blog][\/et_pb_column][\/et_pb_row][\/et_pb_section]<\/p>\n","protected":false},"excerpt":{"rendered":"<p>Mexican Gastronomy Blog<\/p>","protected":false},"author":1,"featured_media":636,"parent":0,"menu_order":0,"comment_status":"closed","ping_status":"closed","template":"","meta":{"_et_pb_use_builder":"on","_et_pb_old_content":"","_et_gb_content_width":"","footnotes":""},"class_list":["post-788","page","type-page","status-publish","has-post-thumbnail","hentry"],"yoast_head":"<!-- This site is optimized with the Yoast SEO plugin v27.5 - https:\/\/yoast.com\/product\/yoast-seo-wordpress\/ -->\n<title>Blog - Casa Patr\u00f3n<\/title>\n<meta name=\"robots\" content=\"index, follow, max-snippet:-1, max-image-preview:large, max-video-preview:-1\" \/>\n<link rel=\"canonical\" href=\"https:\/\/casapatronpalma.com\/en\/blog\/\" \/>\n<meta property=\"og:locale\" content=\"en_GB\" \/>\n<meta property=\"og:type\" content=\"article\" \/>\n<meta property=\"og:title\" content=\"Blog - Casa Patr\u00f3n\" \/>\n<meta property=\"og:description\" content=\"Blog de Gastronom\u00eda Mexicana\" \/>\n<meta property=\"og:url\" content=\"https:\/\/casapatronpalma.com\/en\/blog\/\" \/>\n<meta property=\"og:site_name\" content=\"Casa Patr\u00f3n\" \/>\n<meta property=\"article:modified_time\" content=\"2026-03-26T14:26:04+00:00\" \/>\n<meta property=\"og:image\" content=\"https:\/\/casapatronpalma.com\/wp-content\/uploads\/2025\/12\/FOTOS-ADS-GOOGLE-04.jpg\" \/>\n\t<meta property=\"og:image:width\" content=\"2500\" \/>\n\t<meta property=\"og:image:height\" content=\"1308\" \/>\n\t<meta property=\"og:image:type\" content=\"image\/jpeg\" \/>\n<meta name=\"twitter:card\" content=\"summary_large_image\" \/>\n<meta name=\"twitter:label1\" content=\"Estimated reading time\" \/>\n\t<meta name=\"twitter:data1\" content=\"2 minutes\" \/>\n<!-- \/ Yoast SEO plugin. -->","yoast_head_json":{"title":"Blog - Casa Patr\u00f3n","robots":{"index":"index","follow":"follow","max-snippet":"max-snippet:-1","max-image-preview":"max-image-preview:large","max-video-preview":"max-video-preview:-1"},"canonical":"https:\/\/casapatronpalma.com\/en\/blog\/","og_locale":"en_GB","og_type":"article","og_title":"Blog - Casa Patr\u00f3n","og_description":"Blog de Gastronom\u00eda Mexicana","og_url":"https:\/\/casapatronpalma.com\/en\/blog\/","og_site_name":"Casa Patr\u00f3n","article_modified_time":"2026-03-26T14:26:04+00:00","og_image":[{"width":2500,"height":1308,"url":"https:\/\/casapatronpalma.com\/wp-content\/uploads\/2025\/12\/FOTOS-ADS-GOOGLE-04.jpg","type":"image\/jpeg"}],"twitter_card":"summary_large_image","twitter_misc":{"Estimated reading time":"2 minutes"},"schema":{"@context":"https:\/\/schema.org","@graph":[{"@type":"WebPage","@id":"https:\/\/casapatronpalma.com\/blog\/","url":"https:\/\/casapatronpalma.com\/blog\/","name":"Blog - Casa Patr\u00f3n","isPartOf":{"@id":"https:\/\/casapatronpalma.com\/#website"},"primaryImageOfPage":{"@id":"https:\/\/casapatronpalma.com\/blog\/#primaryimage"},"image":{"@id":"https:\/\/casapatronpalma.com\/blog\/#primaryimage"},"thumbnailUrl":"https:\/\/casapatronpalma.com\/wp-content\/uploads\/2025\/12\/FOTOS-ADS-GOOGLE-04.jpg","datePublished":"2026-03-26T13:18:29+00:00","dateModified":"2026-03-26T14:26:04+00:00","breadcrumb":{"@id":"https:\/\/casapatronpalma.com\/blog\/#breadcrumb"},"inLanguage":"en-GB","potentialAction":[{"@type":"ReadAction","target":["https:\/\/casapatronpalma.com\/blog\/"]}]},{"@type":"ImageObject","inLanguage":"en-GB","@id":"https:\/\/casapatronpalma.com\/blog\/#primaryimage","url":"https:\/\/casapatronpalma.com\/wp-content\/uploads\/2025\/12\/FOTOS-ADS-GOOGLE-04.jpg","contentUrl":"https:\/\/casapatronpalma.com\/wp-content\/uploads\/2025\/12\/FOTOS-ADS-GOOGLE-04.jpg","width":2500,"height":1308,"caption":"margarita-coctel-palma-mallorca"},{"@type":"BreadcrumbList","@id":"https:\/\/casapatronpalma.com\/blog\/#breadcrumb","itemListElement":[{"@type":"ListItem","position":1,"name":"Portada","item":"https:\/\/casapatronpalma.com\/"},{"@type":"ListItem","position":2,"name":"Blog"}]},{"@type":"WebSite","@id":"https:\/\/casapatronpalma.com\/#website","url":"https:\/\/casapatronpalma.com\/","name":"Casa Patr\u00f3n","description":"Taquer\u00eda y Restaurante Mexicano en Palma","potentialAction":[{"@type":"SearchAction","target":{"@type":"EntryPoint","urlTemplate":"https:\/\/casapatronpalma.com\/?s={search_term_string}"},"query-input":{"@type":"PropertyValueSpecification","valueRequired":true,"valueName":"search_term_string"}}],"inLanguage":"en-GB"}]}},"_links":{"self":[{"href":"https:\/\/casapatronpalma.com\/en\/wp-json\/wp\/v2\/pages\/788","targetHints":{"allow":["GET"]}}],"collection":[{"href":"https:\/\/casapatronpalma.com\/en\/wp-json\/wp\/v2\/pages"}],"about":[{"href":"https:\/\/casapatronpalma.com\/en\/wp-json\/wp\/v2\/types\/page"}],"author":[{"embeddable":true,"href":"https:\/\/casapatronpalma.com\/en\/wp-json\/wp\/v2\/users\/1"}],"replies":[{"embeddable":true,"href":"https:\/\/casapatronpalma.com\/en\/wp-json\/wp\/v2\/comments?post=788"}],"version-history":[{"count":9,"href":"https:\/\/casapatronpalma.com\/en\/wp-json\/wp\/v2\/pages\/788\/revisions"}],"predecessor-version":[{"id":803,"href":"https:\/\/casapatronpalma.com\/en\/wp-json\/wp\/v2\/pages\/788\/revisions\/803"}],"wp:featuredmedia":[{"embeddable":true,"href":"https:\/\/casapatronpalma.com\/en\/wp-json\/wp\/v2\/media\/636"}],"wp:attachment":[{"href":"https:\/\/casapatronpalma.com\/en\/wp-json\/wp\/v2\/media?parent=788"}],"curies":[{"name":"wp","href":"https:\/\/api.w.org\/{rel}","templated":true}]}}